{"id":7,"date":"2023-08-20T16:13:08","date_gmt":"2023-08-20T16:13:08","guid":{"rendered":"http:\/\/mpfoobl.cluster028.hosting.ovh.net\/index.php\/cor\/"},"modified":"2025-08-15T19:02:10","modified_gmt":"2025-08-15T19:02:10","slug":"cor","status":"publish","type":"page","link":"https:\/\/cantabilecordenoies.com\/","title":{"rendered":"Cor"},"content":{"rendered":"\t\t<div data-elementor-type=\"wp-page\" data-elementor-id=\"7\" class=\"elementor elementor-7\">\n\t\t\t\t\t\t\t<div class=\"elementor-element elementor-element-31493a4 e-flex e-con-boxed e-con e-parent\" data-id=\"31493a4\" data-element_type=\"container\" data-settings=\"{&quot;content_width&quot;:&quot;boxed&quot;}\" data-core-v316-plus=\"true\">\n\t\t\t\t\t<div class=\"e-con-inner\">\n\t\t\t\t<div class=\"elementor-element elementor-element-6f76aa2 elementor-widget elementor-widget-wpzoom-elementor-addons-image-box\" data-id=\"6f76aa2\" data-element_type=\"widget\" data-widget_type=\"wpzoom-elementor-addons-image-box.default\">\n\t\t\t\t<div class=\"elementor-widget-container\">\n\t\t\t\t\t<div class=\"wpzoom-elementor-addons-image-box\">\n\t\t\t<h3>\n\t\t\t\t<a href=\"https:\/\/www.instagram.com\/cor_cantabile\/\" class=\"wpzoom-elementor-addons-image-box-link is-linked has-image\" style=\"background-image:url('https:\/\/cantabilecordenoies.com\/wp-content\/uploads\/2023\/10\/4c9a4919-bbce-49fe-a391-e31642118a32.jpg');\"><span><strong>Ens vols con\u00e8ixer?<\/strong><\/span><\/a>\t\t\t<\/h3>\n\t\t<\/div><!-- \/\/.wpzoom-elementor-addons-image-box -->\n\t\t\t\t<\/div>\n\t\t\t\t<\/div>\n\t\t\t\t<div class=\"elementor-element elementor-element-a02d0df elementor-widget elementor-widget-text-editor\" data-id=\"a02d0df\" data-element_type=\"widget\" data-widget_type=\"text-editor.default\">\n\t\t\t\t<div class=\"elementor-widget-container\">\n\t\t\t<style>\/*! elementor - v3.18.0 - 20-12-2023 *\/\n.elementor-widget-text-editor.elementor-drop-cap-view-stacked .elementor-drop-cap{background-color:#69727d;color:#fff}.elementor-widget-text-editor.elementor-drop-cap-view-framed .elementor-drop-cap{color:#69727d;border:3px solid;background-color:transparent}.elementor-widget-text-editor:not(.elementor-drop-cap-view-default) .elementor-drop-cap{margin-top:8px}.elementor-widget-text-editor:not(.elementor-drop-cap-view-default) .elementor-drop-cap-letter{width:1em;height:1em}.elementor-widget-text-editor .elementor-drop-cap{float:left;text-align:center;line-height:1;font-size:50px}.elementor-widget-text-editor .elementor-drop-cap-letter{display:inline-block}<\/style>\t\t\t\t<h2 style=\"white-space-collapse: preserve; text-align: center;\">CANTABILE<\/h2><p><span style=\"font-weight: 400;\">Som Cantabile, un cor de veus femenines nascut dins el Cercle de Gr\u00e0cia de Barcelona l\u2019any 1999.<\/span><\/p><p><span style=\"font-weight: 400;\">Tenim com a objectiu cantar i gaudir de la m\u00fasica, per\u00f2 som una coral amb estil propi: ens agrada experimentar. Concebem els concerts com un espectacle complet, on la posada en escena pren gran import\u00e0ncia. D\u2019aquesta manera, la comunicaci\u00f3 amb el p\u00fablic \u00e9s m\u00e9s directa per tal de fer arribar all\u00f2 que la m\u00fasica ens fa sentir. Ens agrada que el p\u00fablic canti, balli i es diverteixi amb nosaltres.\u00a0<\/span><\/p><p><span style=\"font-weight: 400;\">Al llarg de la nostra hist\u00f2ria hem anat creant diferents projectes cada temporada i hem buscat sempre abordar nous reptes que ens facin cr\u00e9ixer com a cor. Cantem diferents estils musicals, per\u00f2 sobretot m\u00fasica pop, bandes sonores i musicals.<\/span><\/p><p class=\"\" style=\"white-space-collapse: preserve; text-align: center;\"><span style=\"font-weight: 400;\">A part dels nostres projectes, tamb\u00e9 ens agrada participar en altres aventures. Clarament, la que ens va marcar m\u00e9s va ser la participaci\u00f3 durant el 2014 en el concurs <\/span><i><span style=\"font-weight: 400;\">Oh Happy Day,<\/span><\/i><span style=\"font-weight: 400;\"> de TV3, un programa que ens va permetre viure una experi\u00e8ncia inoblidable i ens va animar a trencar definitivament amb l\u2019estereotip de coral. A m\u00e9s, hem col\u00b7laborat amb artistes i grups de m\u00fasica referents com Txarango, Joan Daus\u00e0, 9Son o Lal\u2019Ba.<\/span><\/p>\t\t\t\t\t\t<\/div>\n\t\t\t\t<\/div>\n\t\t\t\t\t<\/div>\n\t\t\t\t<\/div>\n\t\t<div class=\"elementor-element elementor-element-f05ec6b e-flex e-con-boxed e-con e-parent\" data-id=\"f05ec6b\" data-element_type=\"container\" data-settings=\"{&quot;content_width&quot;:&quot;boxed&quot;}\" data-core-v316-plus=\"true\">\n\t\t\t\t\t<div class=\"e-con-inner\">\n\t\t\t\t<div class=\"elementor-element elementor-element-6ddcc10 elementor-widget elementor-widget-wpzoom-elementor-addons-image-box\" data-id=\"6ddcc10\" data-element_type=\"widget\" data-widget_type=\"wpzoom-elementor-addons-image-box.default\">\n\t\t\t\t<div class=\"elementor-widget-container\">\n\t\t\t\t\t<div class=\"wpzoom-elementor-addons-image-box\">\n\t\t\t<h3>\n\t\t\t\t<span class=\"wpzoom-elementor-addons-image-box-link not-linked has-image\" style=\"background-image:url('https:\/\/cantabilecordenoies.com\/wp-content\/uploads\/2023\/08\/cantabile_girls_x_fernandoprats-6540.jpg');\"><span><strong><\/strong><\/span><\/span>\t\t\t<\/h3>\n\t\t<\/div><!-- \/\/.wpzoom-elementor-addons-image-box -->\n\t\t\t\t<\/div>\n\t\t\t\t<\/div>\n\t\t\t\t\t<\/div>\n\t\t\t\t<\/div>\n\t\t\t\t\t\t\t<\/div>\n\t\t","protected":false},"excerpt":{"rendered":"<p>Ens vols con\u00e8ixer? CANTABILE Som Cantabile, un cor de veus femenines nascut dins el Cercle de Gr\u00e0cia de Barcelona l\u2019any 1999. Tenim com a objectiu cantar i gaudir de la m\u00fasica, per\u00f2 som una coral amb estil propi: ens agrada experimentar. Concebem els concerts com un espectacle complet, on la posada en escena pren gran &hellip; <\/p>\n<p class=\"link-more\"><a href=\"https:\/\/cantabilecordenoies.com\/\" class=\"more-link\">Leer m\u00e1s<span class=\"screen-reader-text\"> \u00abCor\u00bb<\/span><\/a><\/p>\n","protected":false},"author":1,"featured_media":0,"parent":0,"menu_order":0,"comment_status":"closed","ping_status":"closed","template":"","meta":{"footnotes":""},"class_list":["post-7","page","type-page","status-publish","hentry"],"yoast_head":"<!-- This site is optimized with the Yoast SEO plugin v23.0 - https:\/\/yoast.com\/wordpress\/plugins\/seo\/ -->\n<title>Cor - Cantabile Cor de Noies<\/title>\n<meta name=\"description\" content=\"Som Cantabile, un cor de veus femenines nascut dins el Cercle de Gr\u00e0cia de Barcelona l\u2019any 1999. Fem espectacles, cantem en casaments, festes majors i m\u00e9s.\" \/>\n<meta name=\"robots\" content=\"index, follow, max-snippet:-1, max-image-preview:large, max-video-preview:-1\" \/>\n<link rel=\"canonical\" href=\"https:\/\/cantabilecordenoies.com\/\" \/>\n<meta property=\"og:locale\" content=\"es_ES\" \/>\n<meta property=\"og:type\" content=\"article\" \/>\n<meta property=\"og:title\" content=\"Cor - Cantabile Cor de Noies\" \/>\n<meta property=\"og:description\" content=\"Som Cantabile, un cor de veus femenines nascut dins el Cercle de Gr\u00e0cia de Barcelona l\u2019any 1999. Fem espectacles, cantem en casaments, festes majors i m\u00e9s.\" \/>\n<meta property=\"og:url\" content=\"https:\/\/cantabilecordenoies.com\/\" \/>\n<meta property=\"og:site_name\" content=\"Cantabile Cor de Noies\" \/>\n<meta property=\"article:modified_time\" content=\"2025-08-15T19:02:10+00:00\" \/>\n<meta name=\"twitter:card\" content=\"summary_large_image\" \/>\n<meta name=\"twitter:label1\" content=\"Tiempo de lectura\" \/>\n\t<meta name=\"twitter:data1\" content=\"1 minuto\" \/>\n<script type=\"application\/ld+json\" class=\"yoast-schema-graph\">{\"@context\":\"https:\/\/schema.org\",\"@graph\":[{\"@type\":\"WebPage\",\"@id\":\"https:\/\/cantabilecordenoies.com\/\",\"url\":\"https:\/\/cantabilecordenoies.com\/\",\"name\":\"Cor - Cantabile Cor de Noies\",\"isPartOf\":{\"@id\":\"https:\/\/cantabilecordenoies.com\/#website\"},\"datePublished\":\"2023-08-20T16:13:08+00:00\",\"dateModified\":\"2025-08-15T19:02:10+00:00\",\"description\":\"Som Cantabile, un cor de veus femenines nascut dins el Cercle de Gr\u00e0cia de Barcelona l\u2019any 1999. Fem espectacles, cantem en casaments, festes majors i m\u00e9s.\",\"breadcrumb\":{\"@id\":\"https:\/\/cantabilecordenoies.com\/#breadcrumb\"},\"inLanguage\":\"es\",\"potentialAction\":[{\"@type\":\"ReadAction\",\"target\":[\"https:\/\/cantabilecordenoies.com\/\"]}]},{\"@type\":\"BreadcrumbList\",\"@id\":\"https:\/\/cantabilecordenoies.com\/#breadcrumb\",\"itemListElement\":[{\"@type\":\"ListItem\",\"position\":1,\"name\":\"Portada\",\"item\":\"https:\/\/cantabilecordenoies.com\/\"},{\"@type\":\"ListItem\",\"position\":2,\"name\":\"Cor\"}]},{\"@type\":\"WebSite\",\"@id\":\"https:\/\/cantabilecordenoies.com\/#website\",\"url\":\"https:\/\/cantabilecordenoies.com\/\",\"name\":\"Cantabile Cor de Noies\",\"description\":\"Som Cantabile, un cor de veus femenines nascut dins el Cercle de Gr\u00e0cia de Barcelona l\u2019any 1999.\",\"publisher\":{\"@id\":\"https:\/\/cantabilecordenoies.com\/#organization\"},\"potentialAction\":[{\"@type\":\"SearchAction\",\"target\":{\"@type\":\"EntryPoint\",\"urlTemplate\":\"https:\/\/cantabilecordenoies.com\/?s={search_term_string}\"},\"query-input\":\"required name=search_term_string\"}],\"inLanguage\":\"es\"},{\"@type\":\"Organization\",\"@id\":\"https:\/\/cantabilecordenoies.com\/#organization\",\"name\":\"Cantabile Cor de Noies\",\"url\":\"https:\/\/cantabilecordenoies.com\/\",\"logo\":{\"@type\":\"ImageObject\",\"inLanguage\":\"es\",\"@id\":\"https:\/\/cantabilecordenoies.com\/#\/schema\/logo\/image\/\",\"url\":\"https:\/\/cantabilecordenoies.com\/wp-content\/uploads\/2023\/10\/Negre-transparent-1024x726.png\",\"contentUrl\":\"https:\/\/cantabilecordenoies.com\/wp-content\/uploads\/2023\/10\/Negre-transparent-1024x726.png\",\"width\":1024,\"height\":726,\"caption\":\"Cantabile Cor de Noies\"},\"image\":{\"@id\":\"https:\/\/cantabilecordenoies.com\/#\/schema\/logo\/image\/\"}}]}<\/script>\n<!-- \/ Yoast SEO plugin. -->","yoast_head_json":{"title":"Cor - Cantabile Cor de Noies","description":"Som Cantabile, un cor de veus femenines nascut dins el Cercle de Gr\u00e0cia de Barcelona l\u2019any 1999. Fem espectacles, cantem en casaments, festes majors i m\u00e9s.","robots":{"index":"index","follow":"follow","max-snippet":"max-snippet:-1","max-image-preview":"max-image-preview:large","max-video-preview":"max-video-preview:-1"},"canonical":"https:\/\/cantabilecordenoies.com\/","og_locale":"es_ES","og_type":"article","og_title":"Cor - Cantabile Cor de Noies","og_description":"Som Cantabile, un cor de veus femenines nascut dins el Cercle de Gr\u00e0cia de Barcelona l\u2019any 1999. Fem espectacles, cantem en casaments, festes majors i m\u00e9s.","og_url":"https:\/\/cantabilecordenoies.com\/","og_site_name":"Cantabile Cor de Noies","article_modified_time":"2025-08-15T19:02:10+00:00","twitter_card":"summary_large_image","twitter_misc":{"Tiempo de lectura":"1 minuto"},"schema":{"@context":"https:\/\/schema.org","@graph":[{"@type":"WebPage","@id":"https:\/\/cantabilecordenoies.com\/","url":"https:\/\/cantabilecordenoies.com\/","name":"Cor - Cantabile Cor de Noies","isPartOf":{"@id":"https:\/\/cantabilecordenoies.com\/#website"},"datePublished":"2023-08-20T16:13:08+00:00","dateModified":"2025-08-15T19:02:10+00:00","description":"Som Cantabile, un cor de veus femenines nascut dins el Cercle de Gr\u00e0cia de Barcelona l\u2019any 1999. Fem espectacles, cantem en casaments, festes majors i m\u00e9s.","breadcrumb":{"@id":"https:\/\/cantabilecordenoies.com\/#breadcrumb"},"inLanguage":"es","potentialAction":[{"@type":"ReadAction","target":["https:\/\/cantabilecordenoies.com\/"]}]},{"@type":"BreadcrumbList","@id":"https:\/\/cantabilecordenoies.com\/#breadcrumb","itemListElement":[{"@type":"ListItem","position":1,"name":"Portada","item":"https:\/\/cantabilecordenoies.com\/"},{"@type":"ListItem","position":2,"name":"Cor"}]},{"@type":"WebSite","@id":"https:\/\/cantabilecordenoies.com\/#website","url":"https:\/\/cantabilecordenoies.com\/","name":"Cantabile Cor de Noies","description":"Som Cantabile, un cor de veus femenines nascut dins el Cercle de Gr\u00e0cia de Barcelona l\u2019any 1999.","publisher":{"@id":"https:\/\/cantabilecordenoies.com\/#organization"},"potentialAction":[{"@type":"SearchAction","target":{"@type":"EntryPoint","urlTemplate":"https:\/\/cantabilecordenoies.com\/?s={search_term_string}"},"query-input":"required name=search_term_string"}],"inLanguage":"es"},{"@type":"Organization","@id":"https:\/\/cantabilecordenoies.com\/#organization","name":"Cantabile Cor de Noies","url":"https:\/\/cantabilecordenoies.com\/","logo":{"@type":"ImageObject","inLanguage":"es","@id":"https:\/\/cantabilecordenoies.com\/#\/schema\/logo\/image\/","url":"https:\/\/cantabilecordenoies.com\/wp-content\/uploads\/2023\/10\/Negre-transparent-1024x726.png","contentUrl":"https:\/\/cantabilecordenoies.com\/wp-content\/uploads\/2023\/10\/Negre-transparent-1024x726.png","width":1024,"height":726,"caption":"Cantabile Cor de Noies"},"image":{"@id":"https:\/\/cantabilecordenoies.com\/#\/schema\/logo\/image\/"}}]}},"jetpack_sharing_enabled":true,"featured_media_urls":[],"_links":{"self":[{"href":"https:\/\/cantabilecordenoies.com\/index.php\/wp-json\/wp\/v2\/pages\/7","targetHints":{"allow":["GET"]}}],"collection":[{"href":"https:\/\/cantabilecordenoies.com\/index.php\/wp-json\/wp\/v2\/pages"}],"about":[{"href":"https:\/\/cantabilecordenoies.com\/index.php\/wp-json\/wp\/v2\/types\/page"}],"author":[{"embeddable":true,"href":"https:\/\/cantabilecordenoies.com\/index.php\/wp-json\/wp\/v2\/users\/1"}],"replies":[{"embeddable":true,"href":"https:\/\/cantabilecordenoies.com\/index.php\/wp-json\/wp\/v2\/comments?post=7"}],"version-history":[{"count":66,"href":"https:\/\/cantabilecordenoies.com\/index.php\/wp-json\/wp\/v2\/pages\/7\/revisions"}],"predecessor-version":[{"id":555,"href":"https:\/\/cantabilecordenoies.com\/index.php\/wp-json\/wp\/v2\/pages\/7\/revisions\/555"}],"wp:attachment":[{"href":"https:\/\/cantabilecordenoies.com\/index.php\/wp-json\/wp\/v2\/media?parent=7"}],"curies":[{"name":"wp","href":"https:\/\/api.w.org\/{rel}","templated":true}]}}