{"id":476,"date":"2025-07-04T19:51:22","date_gmt":"2025-07-04T19:51:22","guid":{"rendered":"https:\/\/cantabilecordenoies.com\/?page_id=476"},"modified":"2025-07-04T20:33:19","modified_gmt":"2025-07-04T20:33:19","slug":"espectacles-i-activitats","status":"publish","type":"page","link":"https:\/\/cantabilecordenoies.com\/index.php\/espectacles-i-activitats\/","title":{"rendered":"Espectacles"},"content":{"rendered":"\n<p>Al llarg dels anys des de Cantabile hem ofert molts espectacles, cada un amb la seva \u00e0nima: <a href=\"https:\/\/cantabilecordenoies.com\/index.php\/nou-espectacle-2\/\">Una altra manera<\/a>, <a href=\"https:\/\/cantabilecordenoies.com\/index.php\/nou-espectacle\/\">Km0<\/a> o Women nom\u00e9s s\u00f3n els m\u00e9s recents.<\/p>\n","protected":false},"excerpt":{"rendered":"<p>Al llarg dels anys des de Cantabile hem ofert molts espectacles, cada un amb la seva \u00e0nima: Una altra manera, Km0 o Women nom\u00e9s s\u00f3n els m\u00e9s recents.<\/p>\n","protected":false},"author":1,"featured_media":0,"parent":0,"menu_order":0,"comment_status":"closed","ping_status":"closed","template":"","meta":{"footnotes":""},"class_list":["post-476","page","type-page","status-publish","hentry"],"yoast_head":"<!-- This site is optimized with the Yoast SEO plugin v23.0 - https:\/\/yoast.com\/wordpress\/plugins\/seo\/ -->\n<title>Espectacles - Cantabile Cor de Noies<\/title>\n<meta name=\"robots\" content=\"index, follow, max-snippet:-1, max-image-preview:large, max-video-preview:-1\" \/>\n<link rel=\"canonical\" href=\"https:\/\/cantabilecordenoies.com\/index.php\/espectacles-i-activitats\/\" \/>\n<meta property=\"og:locale\" content=\"es_ES\" \/>\n<meta property=\"og:type\" content=\"article\" \/>\n<meta property=\"og:title\" content=\"Espectacles - Cantabile Cor de Noies\" \/>\n<meta property=\"og:description\" content=\"Al llarg dels anys des de Cantabile hem ofert molts espectacles, cada un amb la seva \u00e0nima: Una altra manera, Km0 o Women nom\u00e9s s\u00f3n els m\u00e9s recents.\" \/>\n<meta property=\"og:url\" content=\"https:\/\/cantabilecordenoies.com\/index.php\/espectacles-i-activitats\/\" \/>\n<meta property=\"og:site_name\" content=\"Cantabile Cor de Noies\" \/>\n<meta property=\"article:modified_time\" content=\"2025-07-04T20:33:19+00:00\" \/>\n<meta name=\"twitter:card\" content=\"summary_large_image\" \/>\n<meta name=\"twitter:label1\" content=\"Tiempo de lectura\" \/>\n\t<meta name=\"twitter:data1\" content=\"1 minuto\" \/>\n<script type=\"application\/ld+json\" class=\"yoast-schema-graph\">{\"@context\":\"https:\/\/schema.org\",\"@graph\":[{\"@type\":\"WebPage\",\"@id\":\"https:\/\/cantabilecordenoies.com\/index.php\/espectacles-i-activitats\/\",\"url\":\"https:\/\/cantabilecordenoies.com\/index.php\/espectacles-i-activitats\/\",\"name\":\"Espectacles - Cantabile Cor de Noies\",\"isPartOf\":{\"@id\":\"https:\/\/cantabilecordenoies.com\/#website\"},\"datePublished\":\"2025-07-04T19:51:22+00:00\",\"dateModified\":\"2025-07-04T20:33:19+00:00\",\"breadcrumb\":{\"@id\":\"https:\/\/cantabilecordenoies.com\/index.php\/espectacles-i-activitats\/#breadcrumb\"},\"inLanguage\":\"es\",\"potentialAction\":[{\"@type\":\"ReadAction\",\"target\":[\"https:\/\/cantabilecordenoies.com\/index.php\/espectacles-i-activitats\/\"]}]},{\"@type\":\"BreadcrumbList\",\"@id\":\"https:\/\/cantabilecordenoies.com\/index.php\/espectacles-i-activitats\/#breadcrumb\",\"itemListElement\":[{\"@type\":\"ListItem\",\"position\":1,\"name\":\"Portada\",\"item\":\"https:\/\/cantabilecordenoies.com\/\"},{\"@type\":\"ListItem\",\"position\":2,\"name\":\"Espectacles\"}]},{\"@type\":\"WebSite\",\"@id\":\"https:\/\/cantabilecordenoies.com\/#website\",\"url\":\"https:\/\/cantabilecordenoies.com\/\",\"name\":\"Cantabile Cor de Noies\",\"description\":\"Som Cantabile, un cor de veus femenines nascut dins el Cercle de Gr\u00e0cia de Barcelona l\u2019any 1999.\",\"publisher\":{\"@id\":\"https:\/\/cantabilecordenoies.com\/#organization\"},\"potentialAction\":[{\"@type\":\"SearchAction\",\"target\":{\"@type\":\"EntryPoint\",\"urlTemplate\":\"https:\/\/cantabilecordenoies.com\/?s={search_term_string}\"},\"query-input\":\"required name=search_term_string\"}],\"inLanguage\":\"es\"},{\"@type\":\"Organization\",\"@id\":\"https:\/\/cantabilecordenoies.com\/#organization\",\"name\":\"Cantabile Cor de Noies\",\"url\":\"https:\/\/cantabilecordenoies.com\/\",\"logo\":{\"@type\":\"ImageObject\",\"inLanguage\":\"es\",\"@id\":\"https:\/\/cantabilecordenoies.com\/#\/schema\/logo\/image\/\",\"url\":\"https:\/\/cantabilecordenoies.com\/wp-content\/uploads\/2023\/10\/Negre-transparent-1024x726.png\",\"contentUrl\":\"https:\/\/cantabilecordenoies.com\/wp-content\/uploads\/2023\/10\/Negre-transparent-1024x726.png\",\"width\":1024,\"height\":726,\"caption\":\"Cantabile Cor de Noies\"},\"image\":{\"@id\":\"https:\/\/cantabilecordenoies.com\/#\/schema\/logo\/image\/\"}}]}<\/script>\n<!-- \/ Yoast SEO plugin. -->","yoast_head_json":{"title":"Espectacles - Cantabile Cor de Noies","robots":{"index":"index","follow":"follow","max-snippet":"max-snippet:-1","max-image-preview":"max-image-preview:large","max-video-preview":"max-video-preview:-1"},"canonical":"https:\/\/cantabilecordenoies.com\/index.php\/espectacles-i-activitats\/","og_locale":"es_ES","og_type":"article","og_title":"Espectacles - Cantabile Cor de Noies","og_description":"Al llarg dels anys des de Cantabile hem ofert molts espectacles, cada un amb la seva \u00e0nima: Una altra manera, Km0 o Women nom\u00e9s s\u00f3n els m\u00e9s recents.","og_url":"https:\/\/cantabilecordenoies.com\/index.php\/espectacles-i-activitats\/","og_site_name":"Cantabile Cor de Noies","article_modified_time":"2025-07-04T20:33:19+00:00","twitter_card":"summary_large_image","twitter_misc":{"Tiempo de lectura":"1 minuto"},"schema":{"@context":"https:\/\/schema.org","@graph":[{"@type":"WebPage","@id":"https:\/\/cantabilecordenoies.com\/index.php\/espectacles-i-activitats\/","url":"https:\/\/cantabilecordenoies.com\/index.php\/espectacles-i-activitats\/","name":"Espectacles - Cantabile Cor de Noies","isPartOf":{"@id":"https:\/\/cantabilecordenoies.com\/#website"},"datePublished":"2025-07-04T19:51:22+00:00","dateModified":"2025-07-04T20:33:19+00:00","breadcrumb":{"@id":"https:\/\/cantabilecordenoies.com\/index.php\/espectacles-i-activitats\/#breadcrumb"},"inLanguage":"es","potentialAction":[{"@type":"ReadAction","target":["https:\/\/cantabilecordenoies.com\/index.php\/espectacles-i-activitats\/"]}]},{"@type":"BreadcrumbList","@id":"https:\/\/cantabilecordenoies.com\/index.php\/espectacles-i-activitats\/#breadcrumb","itemListElement":[{"@type":"ListItem","position":1,"name":"Portada","item":"https:\/\/cantabilecordenoies.com\/"},{"@type":"ListItem","position":2,"name":"Espectacles"}]},{"@type":"WebSite","@id":"https:\/\/cantabilecordenoies.com\/#website","url":"https:\/\/cantabilecordenoies.com\/","name":"Cantabile Cor de Noies","description":"Som Cantabile, un cor de veus femenines nascut dins el Cercle de Gr\u00e0cia de Barcelona l\u2019any 1999.","publisher":{"@id":"https:\/\/cantabilecordenoies.com\/#organization"},"potentialAction":[{"@type":"SearchAction","target":{"@type":"EntryPoint","urlTemplate":"https:\/\/cantabilecordenoies.com\/?s={search_term_string}"},"query-input":"required name=search_term_string"}],"inLanguage":"es"},{"@type":"Organization","@id":"https:\/\/cantabilecordenoies.com\/#organization","name":"Cantabile Cor de Noies","url":"https:\/\/cantabilecordenoies.com\/","logo":{"@type":"ImageObject","inLanguage":"es","@id":"https:\/\/cantabilecordenoies.com\/#\/schema\/logo\/image\/","url":"https:\/\/cantabilecordenoies.com\/wp-content\/uploads\/2023\/10\/Negre-transparent-1024x726.png","contentUrl":"https:\/\/cantabilecordenoies.com\/wp-content\/uploads\/2023\/10\/Negre-transparent-1024x726.png","width":1024,"height":726,"caption":"Cantabile Cor de Noies"},"image":{"@id":"https:\/\/cantabilecordenoies.com\/#\/schema\/logo\/image\/"}}]}},"jetpack_sharing_enabled":true,"featured_media_urls":[],"_links":{"self":[{"href":"https:\/\/cantabilecordenoies.com\/index.php\/wp-json\/wp\/v2\/pages\/476","targetHints":{"allow":["GET"]}}],"collection":[{"href":"https:\/\/cantabilecordenoies.com\/index.php\/wp-json\/wp\/v2\/pages"}],"about":[{"href":"https:\/\/cantabilecordenoies.com\/index.php\/wp-json\/wp\/v2\/types\/page"}],"author":[{"embeddable":true,"href":"https:\/\/cantabilecordenoies.com\/index.php\/wp-json\/wp\/v2\/users\/1"}],"replies":[{"embeddable":true,"href":"https:\/\/cantabilecordenoies.com\/index.php\/wp-json\/wp\/v2\/comments?post=476"}],"version-history":[{"count":5,"href":"https:\/\/cantabilecordenoies.com\/index.php\/wp-json\/wp\/v2\/pages\/476\/revisions"}],"predecessor-version":[{"id":495,"href":"https:\/\/cantabilecordenoies.com\/index.php\/wp-json\/wp\/v2\/pages\/476\/revisions\/495"}],"wp:attachment":[{"href":"https:\/\/cantabilecordenoies.com\/index.php\/wp-json\/wp\/v2\/media?parent=476"}],"curies":[{"name":"wp","href":"https:\/\/api.w.org\/{rel}","templated":true}]}}