{"id":423,"date":"2025-06-24T20:50:51","date_gmt":"2025-06-24T20:50:51","guid":{"rendered":"https:\/\/cantabilecordenoies.com\/?page_id=423"},"modified":"2025-08-15T18:05:29","modified_gmt":"2025-08-15T18:05:29","slug":"nou-espectacle-2","status":"publish","type":"page","link":"https:\/\/cantabilecordenoies.com\/index.php\/nou-espectacle-2\/","title":{"rendered":"NOU ESPECTACLE \u00b7 Una altra manera"},"content":{"rendered":"<p><strong>Una altra manera<\/strong> \u00e9s el nou espectacle de Cantabile, estrenat el juny del 2025. Es tracta d&#8217;un espectacle diferent que s&#8217;endinsa a cantar sobre la m\u00fasica, l&#8217;amor i en definitiva, la vida.<\/p>\n<p>Sota la direcci\u00f3 del Daniel Gir\u00f3, interpretem temes de Bille Eilish, Clara Peya, Lady Gaga i S\u00edlvia P\u00e9rez Cruz, entre d&#8217;altres.\u00a0<\/p>\n\n\n<figure class=\"wp-block-image size-full is-resized\"><img fetchpriority=\"high\" decoding=\"async\" width=\"1131\" height=\"1600\" src=\"https:\/\/cantabilecordenoies.com\/wp-content\/uploads\/2025\/06\/WhatsApp-Image-2025-06-24-at-23.12.24.jpeg\" alt=\"\" class=\"wp-image-449\" style=\"width:448px;height:auto\" srcset=\"https:\/\/cantabilecordenoies.com\/wp-content\/uploads\/2025\/06\/WhatsApp-Image-2025-06-24-at-23.12.24.jpeg 1131w, https:\/\/cantabilecordenoies.com\/wp-content\/uploads\/2025\/06\/WhatsApp-Image-2025-06-24-at-23.12.24-212x300.jpeg 212w, https:\/\/cantabilecordenoies.com\/wp-content\/uploads\/2025\/06\/WhatsApp-Image-2025-06-24-at-23.12.24-724x1024.jpeg 724w, https:\/\/cantabilecordenoies.com\/wp-content\/uploads\/2025\/06\/WhatsApp-Image-2025-06-24-at-23.12.24-768x1086.jpeg 768w, https:\/\/cantabilecordenoies.com\/wp-content\/uploads\/2025\/06\/WhatsApp-Image-2025-06-24-at-23.12.24-1086x1536.jpeg 1086w, https:\/\/cantabilecordenoies.com\/wp-content\/uploads\/2025\/06\/WhatsApp-Image-2025-06-24-at-23.12.24-600x849.jpeg 600w\" sizes=\"(max-width: 1131px) 100vw, 1131px\" \/><\/figure>\n\n\n\n<p>Tindrem el plaer de tornar a fer l&#8217;espectacle per les festes del nostre barri, Gr\u00e0cia, el diumenge 17 d&#8217;agost a l&#8217;Espai de la Calma que organitza el Cercle de Gr\u00e0cia:<\/p>\n\n\n\n<figure class=\"wp-block-image size-large\"><img decoding=\"async\" width=\"730\" height=\"1024\" src=\"http:\/\/cantabilecordenoies.com\/wp-content\/uploads\/2025\/08\/WhatsApp-Image-2025-08-15-at-19.52.04-730x1024.jpeg\" alt=\"\" class=\"wp-image-547\" srcset=\"https:\/\/cantabilecordenoies.com\/wp-content\/uploads\/2025\/08\/WhatsApp-Image-2025-08-15-at-19.52.04-730x1024.jpeg 730w, https:\/\/cantabilecordenoies.com\/wp-content\/uploads\/2025\/08\/WhatsApp-Image-2025-08-15-at-19.52.04-214x300.jpeg 214w, https:\/\/cantabilecordenoies.com\/wp-content\/uploads\/2025\/08\/WhatsApp-Image-2025-08-15-at-19.52.04-768x1078.jpeg 768w, https:\/\/cantabilecordenoies.com\/wp-content\/uploads\/2025\/08\/WhatsApp-Image-2025-08-15-at-19.52.04-1094x1536.jpeg 1094w, https:\/\/cantabilecordenoies.com\/wp-content\/uploads\/2025\/08\/WhatsApp-Image-2025-08-15-at-19.52.04-600x842.jpeg 600w, https:\/\/cantabilecordenoies.com\/wp-content\/uploads\/2025\/08\/WhatsApp-Image-2025-08-15-at-19.52.04.jpeg 1140w\" sizes=\"(max-width: 730px) 100vw, 730px\" \/><\/figure>\n\n\n\n<div class=\"wp-block-jetpack-slideshow aligncenter\" data-effect=\"slide\"><div class=\"wp-block-jetpack-slideshow_container swiper-container\"><ul class=\"wp-block-jetpack-slideshow_swiper-wrapper swiper-wrapper\"><li class=\"wp-block-jetpack-slideshow_slide swiper-slide\"><figure><img decoding=\"async\" width=\"2560\" height=\"1707\" alt=\"\" class=\"wp-block-jetpack-slideshow_image wp-image-394\" data-id=\"394\" src=\"http:\/\/cantabilecordenoies.com\/wp-content\/uploads\/2025\/06\/IMG_0971-scaled.jpg\" srcset=\"https:\/\/cantabilecordenoies.com\/wp-content\/uploads\/2025\/06\/IMG_0971-scaled.jpg 2560w, https:\/\/cantabilecordenoies.com\/wp-content\/uploads\/2025\/06\/IMG_0971-300x200.jpg 300w, https:\/\/cantabilecordenoies.com\/wp-content\/uploads\/2025\/06\/IMG_0971-1024x683.jpg 1024w, https:\/\/cantabilecordenoies.com\/wp-content\/uploads\/2025\/06\/IMG_0971-768x512.jpg 768w, https:\/\/cantabilecordenoies.com\/wp-content\/uploads\/2025\/06\/IMG_0971-1536x1024.jpg 1536w, https:\/\/cantabilecordenoies.com\/wp-content\/uploads\/2025\/06\/IMG_0971-2048x1365.jpg 2048w, https:\/\/cantabilecordenoies.com\/wp-content\/uploads\/2025\/06\/IMG_0971-2000x1333.jpg 2000w, https:\/\/cantabilecordenoies.com\/wp-content\/uploads\/2025\/06\/IMG_0971-600x400.jpg 600w, https:\/\/cantabilecordenoies.com\/wp-content\/uploads\/2025\/06\/IMG_0971-1200x800.jpg 1200w\" sizes=\"(max-width: 2560px) 100vw, 2560px\" \/><\/figure><\/li><li class=\"wp-block-jetpack-slideshow_slide swiper-slide\"><figure><img loading=\"lazy\" decoding=\"async\" width=\"2560\" height=\"1707\" alt=\"\" class=\"wp-block-jetpack-slideshow_image wp-image-429\" data-id=\"429\" src=\"http:\/\/cantabilecordenoies.com\/wp-content\/uploads\/2025\/06\/IMG_0959-2-scaled.jpg\" srcset=\"https:\/\/cantabilecordenoies.com\/wp-content\/uploads\/2025\/06\/IMG_0959-2-scaled.jpg 2560w, https:\/\/cantabilecordenoies.com\/wp-content\/uploads\/2025\/06\/IMG_0959-2-300x200.jpg 300w, https:\/\/cantabilecordenoies.com\/wp-content\/uploads\/2025\/06\/IMG_0959-2-1024x683.jpg 1024w, https:\/\/cantabilecordenoies.com\/wp-content\/uploads\/2025\/06\/IMG_0959-2-768x512.jpg 768w\" sizes=\"(max-width: 2560px) 100vw, 2560px\" \/><\/figure><\/li><li class=\"wp-block-jetpack-slideshow_slide swiper-slide\"><figure><img loading=\"lazy\" decoding=\"async\" width=\"2560\" height=\"1707\" alt=\"\" class=\"wp-block-jetpack-slideshow_image wp-image-430\" data-id=\"430\" src=\"http:\/\/cantabilecordenoies.com\/wp-content\/uploads\/2025\/06\/IMG_0966-2-scaled.jpg\" srcset=\"https:\/\/cantabilecordenoies.com\/wp-content\/uploads\/2025\/06\/IMG_0966-2-scaled.jpg 2560w, https:\/\/cantabilecordenoies.com\/wp-content\/uploads\/2025\/06\/IMG_0966-2-300x200.jpg 300w\" sizes=\"(max-width: 2560px) 100vw, 2560px\" \/><\/figure><\/li><li class=\"wp-block-jetpack-slideshow_slide swiper-slide\"><figure><img decoding=\"async\" alt=\"\" class=\"wp-block-jetpack-slideshow_image wp-image-432\" data-id=\"432\" src=\"http:\/\/cantabilecordenoies.com\/wp-content\/uploads\/2025\/06\/IMG_0947-3.jpg\"\/><\/figure><\/li><li class=\"wp-block-jetpack-slideshow_slide swiper-slide\"><figure><img loading=\"lazy\" decoding=\"async\" width=\"2560\" height=\"1707\" alt=\"\" class=\"wp-block-jetpack-slideshow_image wp-image-392\" data-id=\"392\" src=\"http:\/\/cantabilecordenoies.com\/wp-content\/uploads\/2025\/06\/IMG_0950-4-scaled.jpg\" srcset=\"https:\/\/cantabilecordenoies.com\/wp-content\/uploads\/2025\/06\/IMG_0950-4-scaled.jpg 2560w, https:\/\/cantabilecordenoies.com\/wp-content\/uploads\/2025\/06\/IMG_0950-4-300x200.jpg 300w, https:\/\/cantabilecordenoies.com\/wp-content\/uploads\/2025\/06\/IMG_0950-4-1024x683.jpg 1024w, https:\/\/cantabilecordenoies.com\/wp-content\/uploads\/2025\/06\/IMG_0950-4-768x512.jpg 768w, https:\/\/cantabilecordenoies.com\/wp-content\/uploads\/2025\/06\/IMG_0950-4-1536x1024.jpg 1536w, https:\/\/cantabilecordenoies.com\/wp-content\/uploads\/2025\/06\/IMG_0950-4-2048x1365.jpg 2048w, https:\/\/cantabilecordenoies.com\/wp-content\/uploads\/2025\/06\/IMG_0950-4-2000x1333.jpg 2000w, https:\/\/cantabilecordenoies.com\/wp-content\/uploads\/2025\/06\/IMG_0950-4-600x400.jpg 600w, https:\/\/cantabilecordenoies.com\/wp-content\/uploads\/2025\/06\/IMG_0950-4-1200x800.jpg 1200w\" sizes=\"(max-width: 2560px) 100vw, 2560px\" \/><\/figure><\/li><\/ul><a class=\"wp-block-jetpack-slideshow_button-prev swiper-button-prev swiper-button-white\" role=\"button\"><\/a><a class=\"wp-block-jetpack-slideshow_button-next swiper-button-next swiper-button-white\" role=\"button\"><\/a><a aria-label=\"Pause Slideshow\" class=\"wp-block-jetpack-slideshow_button-pause\" role=\"button\"><\/a><div class=\"wp-block-jetpack-slideshow_pagination swiper-pagination swiper-pagination-white\"><\/div><\/div><\/div>\n","protected":false},"excerpt":{"rendered":"<p>Una altra manera \u00e9s el nou espectacle de Cantabile, estrenat el juny del 2025. Es tracta d&#8217;un espectacle diferent que s&#8217;endinsa a cantar sobre la m\u00fasica, l&#8217;amor i en definitiva, la vida. Sota la direcci\u00f3 del Daniel Gir\u00f3, interpretem temes de Bille Eilish, Clara Peya, Lady Gaga i S\u00edlvia P\u00e9rez Cruz, entre d&#8217;altres.\u00a0 Tindrem el &hellip; <\/p>\n<p class=\"link-more\"><a href=\"https:\/\/cantabilecordenoies.com\/index.php\/nou-espectacle-2\/\" class=\"more-link\">Leer m\u00e1s<span class=\"screen-reader-text\"> \u00abNOU ESPECTACLE \u00b7 Una altra manera\u00bb<\/span><\/a><\/p>\n","protected":false},"author":1,"featured_media":0,"parent":0,"menu_order":0,"comment_status":"closed","ping_status":"closed","template":"","meta":{"footnotes":""},"class_list":["post-423","page","type-page","status-publish","hentry"],"yoast_head":"<!-- This site is optimized with the Yoast SEO plugin v23.0 - https:\/\/yoast.com\/wordpress\/plugins\/seo\/ -->\n<title>NOU ESPECTACLE \u00b7 Una altra manera - Cantabile Cor de Noies<\/title>\n<meta name=\"robots\" content=\"index, follow, max-snippet:-1, max-image-preview:large, max-video-preview:-1\" \/>\n<link rel=\"canonical\" href=\"https:\/\/cantabilecordenoies.com\/index.php\/nou-espectacle-2\/\" \/>\n<meta property=\"og:locale\" content=\"es_ES\" \/>\n<meta property=\"og:type\" content=\"article\" \/>\n<meta property=\"og:title\" content=\"NOU ESPECTACLE \u00b7 Una altra manera - Cantabile Cor de Noies\" \/>\n<meta property=\"og:description\" content=\"Una altra manera \u00e9s el nou espectacle de Cantabile, estrenat el juny del 2025. Es tracta d&#8217;un espectacle diferent que s&#8217;endinsa a cantar sobre la m\u00fasica, l&#8217;amor i en definitiva, la vida. Sota la direcci\u00f3 del Daniel Gir\u00f3, interpretem temes de Bille Eilish, Clara Peya, Lady Gaga i S\u00edlvia P\u00e9rez Cruz, entre d&#8217;altres.\u00a0 Tindrem el &hellip; Leer m\u00e1s \u00abNOU ESPECTACLE \u00b7 Una altra manera\u00bb\" \/>\n<meta property=\"og:url\" content=\"https:\/\/cantabilecordenoies.com\/index.php\/nou-espectacle-2\/\" \/>\n<meta property=\"og:site_name\" content=\"Cantabile Cor de Noies\" \/>\n<meta property=\"article:modified_time\" content=\"2025-08-15T18:05:29+00:00\" \/>\n<meta property=\"og:image\" content=\"https:\/\/cantabilecordenoies.com\/wp-content\/uploads\/2025\/06\/WhatsApp-Image-2025-06-24-at-23.12.24.jpeg\" \/>\n<meta name=\"twitter:card\" content=\"summary_large_image\" \/>\n<meta name=\"twitter:label1\" content=\"Tiempo de lectura\" \/>\n\t<meta name=\"twitter:data1\" content=\"2 minutos\" \/>\n<script type=\"application\/ld+json\" class=\"yoast-schema-graph\">{\"@context\":\"https:\/\/schema.org\",\"@graph\":[{\"@type\":\"WebPage\",\"@id\":\"https:\/\/cantabilecordenoies.com\/index.php\/nou-espectacle-2\/\",\"url\":\"https:\/\/cantabilecordenoies.com\/index.php\/nou-espectacle-2\/\",\"name\":\"NOU ESPECTACLE \u00b7 Una altra manera - Cantabile Cor de Noies\",\"isPartOf\":{\"@id\":\"https:\/\/cantabilecordenoies.com\/#website\"},\"primaryImageOfPage\":{\"@id\":\"https:\/\/cantabilecordenoies.com\/index.php\/nou-espectacle-2\/#primaryimage\"},\"image\":{\"@id\":\"https:\/\/cantabilecordenoies.com\/index.php\/nou-espectacle-2\/#primaryimage\"},\"thumbnailUrl\":\"https:\/\/cantabilecordenoies.com\/wp-content\/uploads\/2025\/06\/WhatsApp-Image-2025-06-24-at-23.12.24.jpeg\",\"datePublished\":\"2025-06-24T20:50:51+00:00\",\"dateModified\":\"2025-08-15T18:05:29+00:00\",\"breadcrumb\":{\"@id\":\"https:\/\/cantabilecordenoies.com\/index.php\/nou-espectacle-2\/#breadcrumb\"},\"inLanguage\":\"es\",\"potentialAction\":[{\"@type\":\"ReadAction\",\"target\":[\"https:\/\/cantabilecordenoies.com\/index.php\/nou-espectacle-2\/\"]}]},{\"@type\":\"ImageObject\",\"inLanguage\":\"es\",\"@id\":\"https:\/\/cantabilecordenoies.com\/index.php\/nou-espectacle-2\/#primaryimage\",\"url\":\"https:\/\/cantabilecordenoies.com\/wp-content\/uploads\/2025\/06\/WhatsApp-Image-2025-06-24-at-23.12.24.jpeg\",\"contentUrl\":\"https:\/\/cantabilecordenoies.com\/wp-content\/uploads\/2025\/06\/WhatsApp-Image-2025-06-24-at-23.12.24.jpeg\",\"width\":1131,\"height\":1600},{\"@type\":\"BreadcrumbList\",\"@id\":\"https:\/\/cantabilecordenoies.com\/index.php\/nou-espectacle-2\/#breadcrumb\",\"itemListElement\":[{\"@type\":\"ListItem\",\"position\":1,\"name\":\"Portada\",\"item\":\"https:\/\/cantabilecordenoies.com\/\"},{\"@type\":\"ListItem\",\"position\":2,\"name\":\"NOU ESPECTACLE \u00b7 Una altra manera\"}]},{\"@type\":\"WebSite\",\"@id\":\"https:\/\/cantabilecordenoies.com\/#website\",\"url\":\"https:\/\/cantabilecordenoies.com\/\",\"name\":\"Cantabile Cor de Noies\",\"description\":\"Som Cantabile, un cor de veus femenines nascut dins el Cercle de Gr\u00e0cia de Barcelona l\u2019any 1999.\",\"publisher\":{\"@id\":\"https:\/\/cantabilecordenoies.com\/#organization\"},\"potentialAction\":[{\"@type\":\"SearchAction\",\"target\":{\"@type\":\"EntryPoint\",\"urlTemplate\":\"https:\/\/cantabilecordenoies.com\/?s={search_term_string}\"},\"query-input\":\"required name=search_term_string\"}],\"inLanguage\":\"es\"},{\"@type\":\"Organization\",\"@id\":\"https:\/\/cantabilecordenoies.com\/#organization\",\"name\":\"Cantabile Cor de Noies\",\"url\":\"https:\/\/cantabilecordenoies.com\/\",\"logo\":{\"@type\":\"ImageObject\",\"inLanguage\":\"es\",\"@id\":\"https:\/\/cantabilecordenoies.com\/#\/schema\/logo\/image\/\",\"url\":\"https:\/\/cantabilecordenoies.com\/wp-content\/uploads\/2023\/10\/Negre-transparent-1024x726.png\",\"contentUrl\":\"https:\/\/cantabilecordenoies.com\/wp-content\/uploads\/2023\/10\/Negre-transparent-1024x726.png\",\"width\":1024,\"height\":726,\"caption\":\"Cantabile Cor de Noies\"},\"image\":{\"@id\":\"https:\/\/cantabilecordenoies.com\/#\/schema\/logo\/image\/\"}}]}<\/script>\n<!-- \/ Yoast SEO plugin. -->","yoast_head_json":{"title":"NOU ESPECTACLE \u00b7 Una altra manera - Cantabile Cor de Noies","robots":{"index":"index","follow":"follow","max-snippet":"max-snippet:-1","max-image-preview":"max-image-preview:large","max-video-preview":"max-video-preview:-1"},"canonical":"https:\/\/cantabilecordenoies.com\/index.php\/nou-espectacle-2\/","og_locale":"es_ES","og_type":"article","og_title":"NOU ESPECTACLE \u00b7 Una altra manera - Cantabile Cor de Noies","og_description":"Una altra manera \u00e9s el nou espectacle de Cantabile, estrenat el juny del 2025. Es tracta d&#8217;un espectacle diferent que s&#8217;endinsa a cantar sobre la m\u00fasica, l&#8217;amor i en definitiva, la vida. Sota la direcci\u00f3 del Daniel Gir\u00f3, interpretem temes de Bille Eilish, Clara Peya, Lady Gaga i S\u00edlvia P\u00e9rez Cruz, entre d&#8217;altres.\u00a0 Tindrem el &hellip; Leer m\u00e1s \u00abNOU ESPECTACLE \u00b7 Una altra manera\u00bb","og_url":"https:\/\/cantabilecordenoies.com\/index.php\/nou-espectacle-2\/","og_site_name":"Cantabile Cor de Noies","article_modified_time":"2025-08-15T18:05:29+00:00","og_image":[{"url":"https:\/\/cantabilecordenoies.com\/wp-content\/uploads\/2025\/06\/WhatsApp-Image-2025-06-24-at-23.12.24.jpeg"}],"twitter_card":"summary_large_image","twitter_misc":{"Tiempo de lectura":"2 minutos"},"schema":{"@context":"https:\/\/schema.org","@graph":[{"@type":"WebPage","@id":"https:\/\/cantabilecordenoies.com\/index.php\/nou-espectacle-2\/","url":"https:\/\/cantabilecordenoies.com\/index.php\/nou-espectacle-2\/","name":"NOU ESPECTACLE \u00b7 Una altra manera - Cantabile Cor de Noies","isPartOf":{"@id":"https:\/\/cantabilecordenoies.com\/#website"},"primaryImageOfPage":{"@id":"https:\/\/cantabilecordenoies.com\/index.php\/nou-espectacle-2\/#primaryimage"},"image":{"@id":"https:\/\/cantabilecordenoies.com\/index.php\/nou-espectacle-2\/#primaryimage"},"thumbnailUrl":"https:\/\/cantabilecordenoies.com\/wp-content\/uploads\/2025\/06\/WhatsApp-Image-2025-06-24-at-23.12.24.jpeg","datePublished":"2025-06-24T20:50:51+00:00","dateModified":"2025-08-15T18:05:29+00:00","breadcrumb":{"@id":"https:\/\/cantabilecordenoies.com\/index.php\/nou-espectacle-2\/#breadcrumb"},"inLanguage":"es","potentialAction":[{"@type":"ReadAction","target":["https:\/\/cantabilecordenoies.com\/index.php\/nou-espectacle-2\/"]}]},{"@type":"ImageObject","inLanguage":"es","@id":"https:\/\/cantabilecordenoies.com\/index.php\/nou-espectacle-2\/#primaryimage","url":"https:\/\/cantabilecordenoies.com\/wp-content\/uploads\/2025\/06\/WhatsApp-Image-2025-06-24-at-23.12.24.jpeg","contentUrl":"https:\/\/cantabilecordenoies.com\/wp-content\/uploads\/2025\/06\/WhatsApp-Image-2025-06-24-at-23.12.24.jpeg","width":1131,"height":1600},{"@type":"BreadcrumbList","@id":"https:\/\/cantabilecordenoies.com\/index.php\/nou-espectacle-2\/#breadcrumb","itemListElement":[{"@type":"ListItem","position":1,"name":"Portada","item":"https:\/\/cantabilecordenoies.com\/"},{"@type":"ListItem","position":2,"name":"NOU ESPECTACLE \u00b7 Una altra manera"}]},{"@type":"WebSite","@id":"https:\/\/cantabilecordenoies.com\/#website","url":"https:\/\/cantabilecordenoies.com\/","name":"Cantabile Cor de Noies","description":"Som Cantabile, un cor de veus femenines nascut dins el Cercle de Gr\u00e0cia de Barcelona l\u2019any 1999.","publisher":{"@id":"https:\/\/cantabilecordenoies.com\/#organization"},"potentialAction":[{"@type":"SearchAction","target":{"@type":"EntryPoint","urlTemplate":"https:\/\/cantabilecordenoies.com\/?s={search_term_string}"},"query-input":"required name=search_term_string"}],"inLanguage":"es"},{"@type":"Organization","@id":"https:\/\/cantabilecordenoies.com\/#organization","name":"Cantabile Cor de Noies","url":"https:\/\/cantabilecordenoies.com\/","logo":{"@type":"ImageObject","inLanguage":"es","@id":"https:\/\/cantabilecordenoies.com\/#\/schema\/logo\/image\/","url":"https:\/\/cantabilecordenoies.com\/wp-content\/uploads\/2023\/10\/Negre-transparent-1024x726.png","contentUrl":"https:\/\/cantabilecordenoies.com\/wp-content\/uploads\/2023\/10\/Negre-transparent-1024x726.png","width":1024,"height":726,"caption":"Cantabile Cor de Noies"},"image":{"@id":"https:\/\/cantabilecordenoies.com\/#\/schema\/logo\/image\/"}}]}},"jetpack_sharing_enabled":true,"featured_media_urls":[],"_links":{"self":[{"href":"https:\/\/cantabilecordenoies.com\/index.php\/wp-json\/wp\/v2\/pages\/423","targetHints":{"allow":["GET"]}}],"collection":[{"href":"https:\/\/cantabilecordenoies.com\/index.php\/wp-json\/wp\/v2\/pages"}],"about":[{"href":"https:\/\/cantabilecordenoies.com\/index.php\/wp-json\/wp\/v2\/types\/page"}],"author":[{"embeddable":true,"href":"https:\/\/cantabilecordenoies.com\/index.php\/wp-json\/wp\/v2\/users\/1"}],"replies":[{"embeddable":true,"href":"https:\/\/cantabilecordenoies.com\/index.php\/wp-json\/wp\/v2\/comments?post=423"}],"version-history":[{"count":8,"href":"https:\/\/cantabilecordenoies.com\/index.php\/wp-json\/wp\/v2\/pages\/423\/revisions"}],"predecessor-version":[{"id":553,"href":"https:\/\/cantabilecordenoies.com\/index.php\/wp-json\/wp\/v2\/pages\/423\/revisions\/553"}],"wp:attachment":[{"href":"https:\/\/cantabilecordenoies.com\/index.php\/wp-json\/wp\/v2\/media?parent=423"}],"curies":[{"name":"wp","href":"https:\/\/api.w.org\/{rel}","templated":true}]}}