{"id":12,"date":"2023-08-20T16:13:08","date_gmt":"2023-08-20T16:13:08","guid":{"rendered":"http:\/\/mpfoobl.cluster028.hosting.ovh.net\/index.php\/disccantabile\/"},"modified":"2023-10-24T22:04:05","modified_gmt":"2023-10-24T22:04:05","slug":"disccantabile","status":"publish","type":"page","link":"https:\/\/cantabilecordenoies.com\/index.php\/disccantabile\/","title":{"rendered":"Disc"},"content":{"rendered":"<div class=\"sqs-html-content\">\n<h2 style=\"text-align: center; white-space: pre-wrap;\">ONCE UPON A TIME<\/h2>\n<p class=\"\" style=\"text-align: center; white-space: pre-wrap;\">\u00abOnce upon a time\u00bb \u00e9s el nostre disc, el comen\u00e7ament d&#8217;una hist\u00f2ria. \u00c9s tamb\u00e9 la hist\u00f2ria de cadascuna de nosaltres, la que s&#8217;amaga darrere els nostres somriures, darrere les nostres veus, camins diferents que convergeixen per crear m\u00fasica.<\/p>\n<p style=\"text-align: center;\">Com en un conte d&#8217;Andersen, les nostres vides expliquen narracions diferents, que alhora es componen en una de nova. Cadascun dels 11 temes t\u00e9 darrere el seu relat, tots junts teixeixen aquesta nova hist\u00f2ria que ara teniu a les mans. Passejant per diferents estils musicals, hem trobat una via per expressar all\u00f2 que portem dins: els musicals, la m\u00fasica pop, els <em>mashups <\/em>i la m\u00fasica catalana d&#8217;autor.<\/p>\n<p class=\"\" style=\"text-align: center; white-space: pre-wrap;\">Aquesta \u00e9s tamb\u00e9 la hist\u00f2ria de totes aquelles persones que ens escolteu. Esperem que us agradi i que reflecteixi la il\u00b7lusi\u00f3 que hi hem posat.<\/p>\n<hr \/>\n<\/div>\n<p style=\"padding-left: 80px;\"><strong>Llista de can\u00e7ons<\/strong>:<\/p>\n<ol>\n<li style=\"list-style-type: none;\">\n<ol>\n<li style=\"list-style-type: none;\">\n<ol>\n<li><em>Some Nights<\/em> &#8211; Fun (2012)<\/li>\n<li><em>All About That Bass<\/em> &#8211; Meghan Trainor (2014)<\/li>\n<li><em>On My Own<\/em> &#8211; Les Mis\u00e9rables (1980)<\/li>\n<li><em>Pool Mashup<\/em> &#8211; Pitch Perfect (2012)<\/li>\n<li><em>Burn<\/em> &#8211; Ellie Goulding (2013)<\/li>\n<li><em>Bellas Finals<\/em> &#8211; Pitch Perfect (2012)<\/li>\n<li><em>M\u00e0gic<\/em> &#8211; Joan Colomo (2011)<\/li>\n<li><em>Mama who bore me<\/em> &#8211; Spring Awakening (2006)<\/li>\n<li><em>Abril 74<\/em> &#8211; Llu\u00eds Llach (1975)<\/li>\n<li><em>Rumour has it \/ Someone like you<\/em> &#8211; Glee (2011)<\/li>\n<li><em>Revolting Children<\/em> &#8211; Matilda (2010)<\/li>\n<\/ol>\n<\/li>\n<\/ol>\n<\/li>\n<\/ol>\n<hr \/>\n<div class=\"sqs-html-content\">\n<h2><\/h2>\n<h2 style=\"text-align: center; white-space: pre-wrap;\">On el pots trobar?<\/h2>\n<p class=\"\" style=\"text-align: center; white-space: pre-wrap;\">Podr\u00e0s comprar el nostre disc a FNAC i principals botigues online, o b\u00e9 escoltar-lo en streaming.<\/p>\n<p class=\"\" style=\"text-align: center; white-space: pre-wrap;\"><a href=\"https:\/\/open.spotify.com\/album\/1w4JvWHKhGiY98stRCl8ub\" target=\"_blank\" rel=\"noopener\">Spotify<\/a> \u00a0 <a href=\"http:\/\/musica.fnac.es\/a1126161\/Cantabile-Once-upon-a-time-CD-album\" target=\"_blank\" rel=\"noopener\">Fnac<\/a> \u00a0 <a href=\"https:\/\/itun.es\/es\/rUS06\" target=\"_blank\" rel=\"noopener\">iTunes<\/a> \u00a0 <a href=\"http:\/\/www.amazon.es\/Once-Upon-Time-Cantabile\/dp\/B00XHNK1AG\" target=\"_blank\" rel=\"noopener\">Amazon<\/a><\/p>\n<\/div>\n","protected":false},"excerpt":{"rendered":"<p>ONCE UPON A TIME \u00abOnce upon a time\u00bb \u00e9s el nostre disc, el comen\u00e7ament d&#8217;una hist\u00f2ria. \u00c9s tamb\u00e9 la hist\u00f2ria de cadascuna de nosaltres, la que s&#8217;amaga darrere els nostres somriures, darrere les nostres veus, camins diferents que convergeixen per crear m\u00fasica. Com en un conte d&#8217;Andersen, les nostres vides expliquen narracions diferents, que alhora &hellip; <\/p>\n<p class=\"link-more\"><a href=\"https:\/\/cantabilecordenoies.com\/index.php\/disccantabile\/\" class=\"more-link\">Leer m\u00e1s<span class=\"screen-reader-text\"> \u00abDisc\u00bb<\/span><\/a><\/p>\n","protected":false},"author":1,"featured_media":0,"parent":0,"menu_order":0,"comment_status":"closed","ping_status":"closed","template":"","meta":{"footnotes":""},"class_list":["post-12","page","type-page","status-publish","hentry"],"yoast_head":"<!-- This site is optimized with the Yoast SEO plugin v23.0 - https:\/\/yoast.com\/wordpress\/plugins\/seo\/ -->\n<title>Disc - Cantabile Cor de Noies<\/title>\n<meta name=\"robots\" content=\"index, follow, max-snippet:-1, max-image-preview:large, max-video-preview:-1\" \/>\n<link rel=\"canonical\" href=\"https:\/\/cantabilecordenoies.com\/index.php\/disccantabile\/\" \/>\n<meta property=\"og:locale\" content=\"es_ES\" \/>\n<meta property=\"og:type\" content=\"article\" \/>\n<meta property=\"og:title\" content=\"Disc - Cantabile Cor de Noies\" \/>\n<meta property=\"og:description\" content=\"ONCE UPON A TIME \u00abOnce upon a time\u00bb \u00e9s el nostre disc, el comen\u00e7ament d&#8217;una hist\u00f2ria. \u00c9s tamb\u00e9 la hist\u00f2ria de cadascuna de nosaltres, la que s&#8217;amaga darrere els nostres somriures, darrere les nostres veus, camins diferents que convergeixen per crear m\u00fasica. Com en un conte d&#8217;Andersen, les nostres vides expliquen narracions diferents, que alhora &hellip; Leer m\u00e1s \u00abDisc\u00bb\" \/>\n<meta property=\"og:url\" content=\"https:\/\/cantabilecordenoies.com\/index.php\/disccantabile\/\" \/>\n<meta property=\"og:site_name\" content=\"Cantabile Cor de Noies\" \/>\n<meta property=\"article:modified_time\" content=\"2023-10-24T22:04:05+00:00\" \/>\n<meta name=\"twitter:card\" content=\"summary_large_image\" \/>\n<meta name=\"twitter:label1\" content=\"Tiempo de lectura\" \/>\n\t<meta name=\"twitter:data1\" content=\"1 minuto\" \/>\n<script type=\"application\/ld+json\" class=\"yoast-schema-graph\">{\"@context\":\"https:\/\/schema.org\",\"@graph\":[{\"@type\":\"WebPage\",\"@id\":\"https:\/\/cantabilecordenoies.com\/index.php\/disccantabile\/\",\"url\":\"https:\/\/cantabilecordenoies.com\/index.php\/disccantabile\/\",\"name\":\"Disc - Cantabile Cor de Noies\",\"isPartOf\":{\"@id\":\"https:\/\/cantabilecordenoies.com\/#website\"},\"datePublished\":\"2023-08-20T16:13:08+00:00\",\"dateModified\":\"2023-10-24T22:04:05+00:00\",\"breadcrumb\":{\"@id\":\"https:\/\/cantabilecordenoies.com\/index.php\/disccantabile\/#breadcrumb\"},\"inLanguage\":\"es\",\"potentialAction\":[{\"@type\":\"ReadAction\",\"target\":[\"https:\/\/cantabilecordenoies.com\/index.php\/disccantabile\/\"]}]},{\"@type\":\"BreadcrumbList\",\"@id\":\"https:\/\/cantabilecordenoies.com\/index.php\/disccantabile\/#breadcrumb\",\"itemListElement\":[{\"@type\":\"ListItem\",\"position\":1,\"name\":\"Portada\",\"item\":\"https:\/\/cantabilecordenoies.com\/\"},{\"@type\":\"ListItem\",\"position\":2,\"name\":\"Disc\"}]},{\"@type\":\"WebSite\",\"@id\":\"https:\/\/cantabilecordenoies.com\/#website\",\"url\":\"https:\/\/cantabilecordenoies.com\/\",\"name\":\"Cantabile Cor de Noies\",\"description\":\"Som Cantabile, un cor de veus femenines nascut dins el Cercle de Gr\u00e0cia de Barcelona l\u2019any 1999.\",\"publisher\":{\"@id\":\"https:\/\/cantabilecordenoies.com\/#organization\"},\"potentialAction\":[{\"@type\":\"SearchAction\",\"target\":{\"@type\":\"EntryPoint\",\"urlTemplate\":\"https:\/\/cantabilecordenoies.com\/?s={search_term_string}\"},\"query-input\":\"required name=search_term_string\"}],\"inLanguage\":\"es\"},{\"@type\":\"Organization\",\"@id\":\"https:\/\/cantabilecordenoies.com\/#organization\",\"name\":\"Cantabile Cor de Noies\",\"url\":\"https:\/\/cantabilecordenoies.com\/\",\"logo\":{\"@type\":\"ImageObject\",\"inLanguage\":\"es\",\"@id\":\"https:\/\/cantabilecordenoies.com\/#\/schema\/logo\/image\/\",\"url\":\"https:\/\/cantabilecordenoies.com\/wp-content\/uploads\/2023\/10\/Negre-transparent-1024x726.png\",\"contentUrl\":\"https:\/\/cantabilecordenoies.com\/wp-content\/uploads\/2023\/10\/Negre-transparent-1024x726.png\",\"width\":1024,\"height\":726,\"caption\":\"Cantabile Cor de Noies\"},\"image\":{\"@id\":\"https:\/\/cantabilecordenoies.com\/#\/schema\/logo\/image\/\"}}]}<\/script>\n<!-- \/ Yoast SEO plugin. -->","yoast_head_json":{"title":"Disc - Cantabile Cor de Noies","robots":{"index":"index","follow":"follow","max-snippet":"max-snippet:-1","max-image-preview":"max-image-preview:large","max-video-preview":"max-video-preview:-1"},"canonical":"https:\/\/cantabilecordenoies.com\/index.php\/disccantabile\/","og_locale":"es_ES","og_type":"article","og_title":"Disc - Cantabile Cor de Noies","og_description":"ONCE UPON A TIME \u00abOnce upon a time\u00bb \u00e9s el nostre disc, el comen\u00e7ament d&#8217;una hist\u00f2ria. \u00c9s tamb\u00e9 la hist\u00f2ria de cadascuna de nosaltres, la que s&#8217;amaga darrere els nostres somriures, darrere les nostres veus, camins diferents que convergeixen per crear m\u00fasica. Com en un conte d&#8217;Andersen, les nostres vides expliquen narracions diferents, que alhora &hellip; Leer m\u00e1s \u00abDisc\u00bb","og_url":"https:\/\/cantabilecordenoies.com\/index.php\/disccantabile\/","og_site_name":"Cantabile Cor de Noies","article_modified_time":"2023-10-24T22:04:05+00:00","twitter_card":"summary_large_image","twitter_misc":{"Tiempo de lectura":"1 minuto"},"schema":{"@context":"https:\/\/schema.org","@graph":[{"@type":"WebPage","@id":"https:\/\/cantabilecordenoies.com\/index.php\/disccantabile\/","url":"https:\/\/cantabilecordenoies.com\/index.php\/disccantabile\/","name":"Disc - Cantabile Cor de Noies","isPartOf":{"@id":"https:\/\/cantabilecordenoies.com\/#website"},"datePublished":"2023-08-20T16:13:08+00:00","dateModified":"2023-10-24T22:04:05+00:00","breadcrumb":{"@id":"https:\/\/cantabilecordenoies.com\/index.php\/disccantabile\/#breadcrumb"},"inLanguage":"es","potentialAction":[{"@type":"ReadAction","target":["https:\/\/cantabilecordenoies.com\/index.php\/disccantabile\/"]}]},{"@type":"BreadcrumbList","@id":"https:\/\/cantabilecordenoies.com\/index.php\/disccantabile\/#breadcrumb","itemListElement":[{"@type":"ListItem","position":1,"name":"Portada","item":"https:\/\/cantabilecordenoies.com\/"},{"@type":"ListItem","position":2,"name":"Disc"}]},{"@type":"WebSite","@id":"https:\/\/cantabilecordenoies.com\/#website","url":"https:\/\/cantabilecordenoies.com\/","name":"Cantabile Cor de Noies","description":"Som Cantabile, un cor de veus femenines nascut dins el Cercle de Gr\u00e0cia de Barcelona l\u2019any 1999.","publisher":{"@id":"https:\/\/cantabilecordenoies.com\/#organization"},"potentialAction":[{"@type":"SearchAction","target":{"@type":"EntryPoint","urlTemplate":"https:\/\/cantabilecordenoies.com\/?s={search_term_string}"},"query-input":"required name=search_term_string"}],"inLanguage":"es"},{"@type":"Organization","@id":"https:\/\/cantabilecordenoies.com\/#organization","name":"Cantabile Cor de Noies","url":"https:\/\/cantabilecordenoies.com\/","logo":{"@type":"ImageObject","inLanguage":"es","@id":"https:\/\/cantabilecordenoies.com\/#\/schema\/logo\/image\/","url":"https:\/\/cantabilecordenoies.com\/wp-content\/uploads\/2023\/10\/Negre-transparent-1024x726.png","contentUrl":"https:\/\/cantabilecordenoies.com\/wp-content\/uploads\/2023\/10\/Negre-transparent-1024x726.png","width":1024,"height":726,"caption":"Cantabile Cor de Noies"},"image":{"@id":"https:\/\/cantabilecordenoies.com\/#\/schema\/logo\/image\/"}}]}},"jetpack_sharing_enabled":true,"featured_media_urls":[],"_links":{"self":[{"href":"https:\/\/cantabilecordenoies.com\/index.php\/wp-json\/wp\/v2\/pages\/12","targetHints":{"allow":["GET"]}}],"collection":[{"href":"https:\/\/cantabilecordenoies.com\/index.php\/wp-json\/wp\/v2\/pages"}],"about":[{"href":"https:\/\/cantabilecordenoies.com\/index.php\/wp-json\/wp\/v2\/types\/page"}],"author":[{"embeddable":true,"href":"https:\/\/cantabilecordenoies.com\/index.php\/wp-json\/wp\/v2\/users\/1"}],"replies":[{"embeddable":true,"href":"https:\/\/cantabilecordenoies.com\/index.php\/wp-json\/wp\/v2\/comments?post=12"}],"version-history":[{"count":4,"href":"https:\/\/cantabilecordenoies.com\/index.php\/wp-json\/wp\/v2\/pages\/12\/revisions"}],"predecessor-version":[{"id":286,"href":"https:\/\/cantabilecordenoies.com\/index.php\/wp-json\/wp\/v2\/pages\/12\/revisions\/286"}],"wp:attachment":[{"href":"https:\/\/cantabilecordenoies.com\/index.php\/wp-json\/wp\/v2\/media?parent=12"}],"curies":[{"name":"wp","href":"https:\/\/api.w.org\/{rel}","templated":true}]}}